{"id":849,"date":"2022-03-17T09:17:22","date_gmt":"2022-03-17T08:17:22","guid":{"rendered":"https:\/\/stockencamping.cmsp.se\/om-campingen\/"},"modified":"2025-11-07T08:16:35","modified_gmt":"2025-11-07T07:16:35","slug":"about-us","status":"publish","type":"page","link":"https:\/\/www.stockencamping.se\/en\/about-us\/","title":{"rendered":"About us"},"content":{"rendered":"<div class=\"wpb-content-wrapper\"><p>[vc_section full_width=&#8221;stretch_row&#8221; css=&#8221;.vc_custom_1647528591826{background-color: #f9f6f0 !important;background-position: center !important;background-repeat: no-repeat !important;background-size: cover !important;}&#8221;][vc_row][vc_column][vc_empty_space height=&#8221;150px&#8221;][vc_column_text]<\/p>\n<h1 style=\"text-align: center\">About us<\/h1>\n<p>[\/vc_column_text][\/vc_column][\/vc_row][\/vc_section][vc_section][vc_row][vc_column][vc_empty_space height=&#8221;50px&#8221;][\/vc_column][\/vc_row][vc_row][vc_column width=&#8221;1\/2&#8243;][vc_column_text css=&#8221;&#8221;]<\/p>\n<h3><\/h3>\n<p>Hello and welcome!<\/p>\n<p>We are Anita and Freddy Alm, the owners of Stocken camping.<\/p>\n<p class=\"tw-data-text tw-text-large tw-ta\" dir=\"ltr\" style=\"text-align: left\" data-placeholder=\"\u00d6vers\u00e4ttning\" data-ved=\"2ahUKEwj95835mOaNAxXEDxAIHb16LdIQ3ewLegQICxAV\" aria-label=\"\u00d6versatt text: 20th anniversary at Stocken camping! On Stocken Day, Saturday, July 12, we celebrate that we have been running the campsite for 20 fantastic years! Come and celebrate with us! For the program and more information click here.\"><span class=\"Y2IQFc\" lang=\"en\">On Stockendagen, (the Stocken Day), July 12, 2025, <\/span><span class=\"Y2IQFc\" lang=\"en\">we celebrated that we have been running <\/span><span class=\"Y2IQFc\" lang=\"en\">this campsite<\/span><span class=\"Y2IQFc\" lang=\"en\"> for 20 amazing years! <\/span>A big thank you to everyone who participated and to all the visitors and guests who came and all together made the day fantastic!<\/p>\n<p style=\"text-align: left\">To all guests old and new, we wish you a warm welcome!<\/p>\n<p>P.S. Did you know that we also run <a href=\"https:\/\/www.kerstinscamping.se\/en\/\" target=\"_blank\" rel=\"noopener\">Kerstin&#8217;s camping<\/a>? A quiet, charming smaller campsite on a converted farm dating back to 1567. It is located near Mellerud, in the middle of scenic Dalsland.<\/p>\n<p style=\"text-align: left\">(Photo: H\u00e5kan Linger)<\/p>\n<p>[\/vc_column_text][vc_empty_space height=&#8221;50px&#8221;][vc_empty_space height=&#8221;50px&#8221;][vc_empty_space height=&#8221;50px&#8221;][vc_column_text]<\/p>\n<h3>Entrepreneur of the Year at Orust 2022<\/h3>\n<p><strong>Motivation<\/strong>:<\/p>\n<p>&#8220;The service is something that is highly appreciated by the customers of entrepreneur of the year Orust. Traffic rolls there, both on land and sea. Orust is the location of their destination. Center of customer enthusiasm. Maybe a dream will come true, both for the customer and the entrepreneurs. The commitment has taken the company to where they are today.&#8221; <em>\u00a0<\/em><\/p>\n<p><a href=\"https:\/\/www.foretagarna.se\/nyheter\/vastra-gotaland\/2022\/juni\/arets-foretagare-orust\/\">Anita och Freddy Alm p\u00e5 Stocken Camping AB \u00e4r \u00c5rets F\u00f6retagare i Orust 2022 \u2013 F\u00f6retagarna (foretagarna.se)<\/a><\/p>\n<h3><\/h3>\n<h3><\/h3>\n<h3><\/h3>\n<h3>Tourist Company of the Year at Orust 2022<\/h3>\n<p><strong>Motivation<\/strong>:<\/p>\n<p>&#8220;A genuine campsite that offers exactly what their guests want. With its long experience and solid knowledge, Stocken Camping creates a high-quality and stable experience for both permanent residents and visitors to this beautiful place. Stocken Camping shows excellent entrepreneurship AND hospitality as they so clearly meet the visitors&#8217; wishes by extending their season. They continue year after year to develop their facility and thus the destination. A clear and courageous contribution to the development of the hospitality industry at Orust. With great commitment and with the heart of the camping world, Stocken Camping is run in an exemplary way.&#8221;<\/p>\n<p><a href=\"https:\/\/www.orust.se\/nyhetsarkiv\/naringslivocharbete\/aretsturistforetagarutsett.5.7177303e18120d3a3217e2.html\">\u00c5rets turistf\u00f6retag \u00e4r utsett \u2013 Orust kommun<\/a>[\/vc_column_text][\/vc_column][vc_column width=&#8221;1\/2&#8243;][vc_single_image image=&#8221;1503&#8243; img_size=&#8221;medium&#8221; css=&#8221;&#8221;][vc_empty_space height=&#8221;50px&#8221;][vc_single_image image=&#8221;1296&#8243; css=&#8221;&#8221;][\/vc_column][\/vc_row][vc_row][vc_column][\/vc_column][\/vc_row][vc_row][vc_column][vc_empty_space height=&#8221;50px&#8221;][\/vc_column][\/vc_row][\/vc_section]<\/p>\n<\/div>","protected":false},"excerpt":{"rendered":"<p>[vc_section full_width=&#8221;stretch_row&#8221; css=&#8221;.vc_custom_1647528591826{background-color: #f9f6f0 !important;background-position: center !important;background-repeat: no-repeat !important;background-size: cover !important;}&#8221;][vc_row][vc_column][vc_empty_space height=&#8221;150px&#8221;][vc_column_text] About us [\/vc_column_text][\/vc_column][\/vc_row][\/vc_section][vc_section][vc_row][vc_column][vc_empty_space height=&#8221;50px&#8221;][\/vc_column][\/vc_row][vc_row][vc_column width=&#8221;1\/2&#8243;][vc_column_text css=&#8221;&#8221;] Hello and welcome! We are Anita and Freddy Alm, the owners of Stocken camping. On Stockendagen, (the Stocken Day), July 12, 2025, we celebrated that we have been running this campsite for 20 amazing years! A big [&hellip;]<\/p>\n","protected":false},"author":4,"featured_media":0,"parent":0,"menu_order":0,"comment_status":"closed","ping_status":"closed","template":"","meta":{"footnotes":""},"class_list":["post-849","page","type-page","status-publish","hentry"],"_links":{"self":[{"href":"https:\/\/www.stockencamping.se\/en\/wp-json\/wp\/v2\/pages\/849","targetHints":{"allow":["GET"]}}],"collection":[{"href":"https:\/\/www.stockencamping.se\/en\/wp-json\/wp\/v2\/pages"}],"about":[{"href":"https:\/\/www.stockencamping.se\/en\/wp-json\/wp\/v2\/types\/page"}],"author":[{"embeddable":true,"href":"https:\/\/www.stockencamping.se\/en\/wp-json\/wp\/v2\/users\/4"}],"replies":[{"embeddable":true,"href":"https:\/\/www.stockencamping.se\/en\/wp-json\/wp\/v2\/comments?post=849"}],"version-history":[{"count":15,"href":"https:\/\/www.stockencamping.se\/en\/wp-json\/wp\/v2\/pages\/849\/revisions"}],"predecessor-version":[{"id":3774,"href":"https:\/\/www.stockencamping.se\/en\/wp-json\/wp\/v2\/pages\/849\/revisions\/3774"}],"wp:attachment":[{"href":"https:\/\/www.stockencamping.se\/en\/wp-json\/wp\/v2\/media?parent=849"}],"curies":[{"name":"wp","href":"https:\/\/api.w.org\/{rel}","templated":true}]}}