{"id":741,"date":"2022-03-14T16:26:09","date_gmt":"2022-03-14T15:26:09","guid":{"rendered":"https:\/\/stockencamping.cmsp.se\/aktiviteter\/"},"modified":"2026-02-19T12:55:08","modified_gmt":"2026-02-19T11:55:08","slug":"activities","status":"publish","type":"page","link":"https:\/\/www.stockencamping.se\/en\/activities\/","title":{"rendered":"Activities"},"content":{"rendered":"<div class=\"wpb-content-wrapper\"><p>[vc_section full_width=&#8221;stretch_row&#8221; css=&#8221;.vc_custom_1647528559556{background-color: #f9f6f0 !important;background-position: center !important;background-repeat: no-repeat !important;background-size: cover !important;}&#8221;][vc_row][vc_column][vc_empty_space height=&#8221;150px&#8221;][vc_column_text css=&#8221;&#8221;]<\/p>\n<h1 style=\"text-align: center\">Activities at the campsite<\/h1>\n<p>[\/vc_column_text][\/vc_column][\/vc_row][\/vc_section][vc_section][vc_row][vc_column][\/vc_column][\/vc_row][vc_row content_placement=&#8221;middle&#8221;][vc_column width=&#8221;1\/2&#8243;][vc_column_text css=&#8221;&#8221;]<\/p>\n<h2>To do<\/h2>\n<p>Whether you just want to take it easy and enjoy summer, holidays a swedish fika and a good book or be a little more active, there is something for everyone at Stocken camping!<\/p>\n<p>For children there is a nice big playground with the much appreciated jumping pillow. They can dig with the excavator &#8220;Digger&#8221; by the mini-golf, rent pedal cars and on special occasions &#8211; weather permitting, enjoy the bouncy castles. For more organized children&#8217;s activities, it is possible to register your children to The Football School and The Children&#8217;s Club.<\/p>\n<p>Challenge your family or friends to a game of adventure minigolf, or perhaps go crabfishing, have a game of boule or go for a bikeride.<\/p>\n<p>The bikes for rent are equipped with both bicycle helmets and baskets, and if needed, we have two bikes with child bike seats.<\/p>\n<p>Hiking on the cliffs along the sea edge is another popular activity, from where you can enjoy amazing views of our beautiful archipelago. Some like to bring their fishing rods with them &#8211; or why not bring coffee and freshly baked cinnamon rolls from the campsite shop? Or perhaps a nice stroll inside the old fishing village Stocken nearby.<\/p>\n<p>To enjoy walking- or biking trails on and around the camping area, there are maps to borrow at the reception.<\/p>\n<p>For all water lovers, the swimming area offers both a sandy beach and a sauna, (booked via the reception), and a little further along the cliffs there is also a sun deck with benches and a swimming jetty.[\/vc_column_text][\/vc_column][vc_column width=&#8221;1\/2&#8243;][vc_single_image image=&#8221;742&#8243; img_size=&#8221;full&#8221; css=&#8221;&#8221;][vc_single_image image=&#8221;2968&#8243; img_size=&#8221;full&#8221; css=&#8221;&#8221;][\/vc_column][\/vc_row][vc_row][vc_column][vc_empty_space height=&#8221;50px&#8221;][\/vc_column][\/vc_row][\/vc_section][vc_section full_width=&#8221;stretch_row&#8221;][vc_row][vc_column width=&#8221;1\/3&#8243;][vc_single_image image=&#8221;301&#8243; img_size=&#8221;700&#215;700&#8243;][vc_column_text]<\/p>\n<h2>The beach<\/h2>\n<p>Our sandy beach is beautifully surrounded by cliffs and sea. It\u00b4s childfriendly shallow waters is suitable for both big and small people. \u00a0We have a toilet on site and not least the sauna, which anyone can rent. A little further along the cliffs you will find both a bathing jetty and a sundeck.<\/p>\n<p>Those who are a little more adventurous, may want to get to the rocky beach at the end of the White trail.[\/vc_column_text][\/vc_column][vc_column width=&#8221;1\/3&#8243;][vc_single_image image=&#8221;2691&#8243; img_size=&#8221;700&#215;700&#8243; css=&#8221;&#8221;][vc_column_text]<\/p>\n<h2>The dogbeach<\/h2>\n<p>Dogs are not allowed at the peoples beach, however in the bay at the beginning of the White trail, you can let the dog cool off in the sea and enjoy the summer, just like us! After the salty sea bath, it might be time for a shampooing and blowdry at our professionally equipped dog shower at the Service Station, in the middle of the campsite.[\/vc_column_text][\/vc_column][vc_column width=&#8221;1\/3&#8243;][vc_single_image image=&#8221;681&#8243; img_size=&#8221;700&#215;700&#8243;][vc_column_text css=&#8221;&#8221;]<\/p>\n<h2>Kayaking<\/h2>\n<p>For those who want to get out on the water and enjoy the fantastic archipelago, we can recommend <a href=\"https:\/\/orustkajak.se\/\" target=\"_blank\" rel=\"noopener\"><u>Orust Kajak<\/u><\/a>, situated on the camping grounds, where you can rent kayaks, SUP&#8217;s and equipment and get good advice on anything to do with kayaking.[\/vc_column_text][\/vc_column][\/vc_row][vc_row][vc_column][vc_empty_space height=&#8221;50px&#8221;][\/vc_column][\/vc_row][vc_row][vc_column width=&#8221;1\/3&#8243;][vc_single_image image=&#8221;3180&#8243; img_size=&#8221;700&#215;700&#8243; css=&#8221;&#8221;][vc_column_text]<\/p>\n<h2>The Childrens club<\/h2>\n<p>The children&#8217;s club is open in high season, Monday \u2013 Wednesday \u2013 Friday, between 16.00 &#8211; 18.00.<br \/>\nLots of fun activities are on the agenda:<\/p>\n<ul>\n<li>On Mondays we do different childrens arts and crafts.<\/li>\n<li>On Wednesdays we play board games inside, or play \u201ckubb\u201d, boule or do other outdoor games.<\/li>\n<li>Fridays are for ballgames, like football.<\/li>\n<\/ul>\n<p>Every now and then we also go crab fishing or jumping in our bouncy castles \u2013 or maybe a clown comes to visit![\/vc_column_text][\/vc_column][vc_column width=&#8221;1\/3&#8243;][vc_single_image image=&#8221;742&#8243; img_size=&#8221;700&#215;700&#8243; css=&#8221;&#8221;][vc_column_text]<\/p>\n<h2>Rentals<\/h2>\n<p>Bicycles for adults can be rented at the golfkiosk. They are all equipped with both helmets and bicyclebaskets, and on two of the bikes there are also children\u2019s seats for the youngest. Bicycle maps to borrow or buy are available at the reception.<\/p>\n<p>The very popular pedalcars can also be rented here.<br \/>\n[\/vc_column_text][\/vc_column][vc_column width=&#8221;1\/3&#8243;][vc_single_image image=&#8221;614&#8243; img_size=&#8221;700&#215;700&#8243;][vc_column_text]<\/p>\n<h2>Football school<\/h2>\n<p>Our football school is a popular feature and it takes place during four days in July, at Stocken camping&#8217;s own football field. The participants are usually divided into two age groups, 6-10 years and 11-15 years. Organizer is Conny Larsson (Football Developer, V\u00e4sterg\u00f6tlands Fotbollsf\u00f6rbund). For more information, contact the reception at +4630451100.[\/vc_column_text][\/vc_column][\/vc_row][vc_row][vc_column][vc_empty_space height=&#8221;50px&#8221;][\/vc_column][\/vc_row][\/vc_section][vc_row][vc_column width=&#8221;1\/4&#8243;][\/vc_column][vc_column width=&#8221;1\/4&#8243;][vc_btn title=&#8221;Attractions&#8221; style=&#8221;gradient-custom&#8221; gradient_custom_color_1=&#8221;#a845d3&#8243; gradient_custom_color_2=&#8221;#a845d3&#8243; shape=&#8221;square&#8221; size=&#8221;lg&#8221; align=&#8221;center&#8221; button_block=&#8221;true&#8221; link=&#8221;url:%2Fen%2Factivities%2Fattractions%2F|title:Attractions&#8221;][\/vc_column][vc_column width=&#8221;1\/4&#8243;][vc_btn title=&#8221;Links&#8221; style=&#8221;gradient-custom&#8221; gradient_custom_color_1=&#8221;#a845d3&#8243; gradient_custom_color_2=&#8221;#a845d3&#8243; shape=&#8221;square&#8221; size=&#8221;lg&#8221; align=&#8221;center&#8221; button_block=&#8221;true&#8221; link=&#8221;url:%2Fen%2Factivities%2Flinks%2F|title:Links&#8221;][\/vc_column][vc_column width=&#8221;1\/4&#8243;][\/vc_column][\/vc_row]<\/p>\n<\/div>","protected":false},"excerpt":{"rendered":"<p>[vc_section full_width=&#8221;stretch_row&#8221; css=&#8221;.vc_custom_1647528559556{background-color: #f9f6f0 !important;background-position: center !important;background-repeat: no-repeat !important;background-size: cover !important;}&#8221;][vc_row][vc_column][vc_empty_space height=&#8221;150px&#8221;][vc_column_text css=&#8221;&#8221;] Activities at the campsite [\/vc_column_text][\/vc_column][\/vc_row][\/vc_section][vc_section][vc_row][vc_column][\/vc_column][\/vc_row][vc_row content_placement=&#8221;middle&#8221;][vc_column width=&#8221;1\/2&#8243;][vc_column_text css=&#8221;&#8221;] To do Whether you just want to take it easy and enjoy summer, holidays a swedish fika and a good book or be a little more active, there is something for everyone at Stocken [&hellip;]<\/p>\n","protected":false},"author":4,"featured_media":0,"parent":0,"menu_order":0,"comment_status":"closed","ping_status":"closed","template":"","meta":{"footnotes":""},"class_list":["post-741","page","type-page","status-publish","hentry"],"_links":{"self":[{"href":"https:\/\/www.stockencamping.se\/en\/wp-json\/wp\/v2\/pages\/741","targetHints":{"allow":["GET"]}}],"collection":[{"href":"https:\/\/www.stockencamping.se\/en\/wp-json\/wp\/v2\/pages"}],"about":[{"href":"https:\/\/www.stockencamping.se\/en\/wp-json\/wp\/v2\/types\/page"}],"author":[{"embeddable":true,"href":"https:\/\/www.stockencamping.se\/en\/wp-json\/wp\/v2\/users\/4"}],"replies":[{"embeddable":true,"href":"https:\/\/www.stockencamping.se\/en\/wp-json\/wp\/v2\/comments?post=741"}],"version-history":[{"count":16,"href":"https:\/\/www.stockencamping.se\/en\/wp-json\/wp\/v2\/pages\/741\/revisions"}],"predecessor-version":[{"id":3942,"href":"https:\/\/www.stockencamping.se\/en\/wp-json\/wp\/v2\/pages\/741\/revisions\/3942"}],"wp:attachment":[{"href":"https:\/\/www.stockencamping.se\/en\/wp-json\/wp\/v2\/media?parent=741"}],"curies":[{"name":"wp","href":"https:\/\/api.w.org\/{rel}","templated":true}]}}