{"id":1810,"date":"2023-06-10T14:00:56","date_gmt":"2023-06-10T12:00:56","guid":{"rendered":"https:\/\/www.stockencamping.se\/?page_id=1810"},"modified":"2025-07-24T09:59:43","modified_gmt":"2025-07-24T07:59:43","slug":"attractions","status":"publish","type":"page","link":"https:\/\/www.stockencamping.se\/en\/activities\/attractions\/","title":{"rendered":"Attractions &amp; more"},"content":{"rendered":"<div class=\"wpb-content-wrapper\"><p>[vc_section full_width=&#8221;stretch_row&#8221; css=&#8221;.vc_custom_1647528559556{background-color: #f9f6f0 !important;background-position: center !important;background-repeat: no-repeat !important;background-size: cover !important;}&#8221;][vc_row][vc_column][vc_empty_space height=&#8221;100px&#8221;][vc_column_text css=&#8221;&#8221;]<\/p>\n<h1 style=\"text-align: center\">Attractions, hiking &amp; more!<\/h1>\n<p>[\/vc_column_text][\/vc_column][\/vc_row][\/vc_section][vc_section el_id=&#8221;utflykter&#8221;][vc_row][vc_column width=&#8221;1\/2&#8243;][vc_empty_space height=&#8221;50px&#8221;][\/vc_column][vc_column width=&#8221;1\/2&#8243;][\/vc_column][\/vc_row][vc_row][vc_column width=&#8221;1\/2&#8243;][vc_empty_space height=&#8221;50px&#8221;][vc_column_text css=&#8221;&#8221;]<\/p>\n<p style=\"text-align: left\">If you feel like experiencing something more, on top of\u00a0 what Stocken Camping can offer, we are a good starting point for various excursions.<\/p>\n<p style=\"text-align: left\">For more tips and information, ask our staff or visit our little red Info-pointcabin by the reception.<\/p>\n<p>[\/vc_column_text][vc_separator color=&#8221;custom&#8221; style=&#8221;shadow&#8221; border_width=&#8221;3&#8243; el_width=&#8221;30&#8243; css=&#8221;&#8221; accent_color=&#8221;#a845d3&#8243;][vc_empty_space][\/vc_column][vc_column width=&#8221;1\/2&#8243;][vc_single_image image=&#8221;3304&#8243; img_size=&#8221;medium&#8221; alignment=&#8221;center&#8221; css=&#8221;&#8221;][\/vc_column][\/vc_row][vc_row][vc_column width=&#8221;1\/4&#8243;][vc_raw_html]JTNDaSUyMGNsYXNzJTNEJTIyZmEtc29saWQlMjBmYS1sb2NhdGlvbi1kb3QlMjIlM0UlM0MlMkZpJTNF[\/vc_raw_html][vc_column_text css=&#8221;&#8221;]<strong>K\u00e4ring\u00f6n, Gullholmen and Herman\u00f6<\/strong> are beautiful carfree islands that are well worth a visit. The easiest way to get to the ferry location in Tuvesvik, 5 km from the campsite, is by car or bike. Bikes are available for rent at our golf kiosk.<\/p>\n<p><a href=\"https:\/\/www.vastsverige.com\/en\/orust\/products\/karingon\/?site=5\" target=\"_blank\" rel=\"noopener\">K\u00e4ring\u00f6n &#8211; Traffic-free island in Sweden<\/a><\/p>\n<p><a href=\"https:\/\/www.vastsverige.com\/en\/orust\/products\/gullholmen-and-harmano\/?site=5\" target=\"_blank\" rel=\"noopener\">Gullholmen and H\u00e4rman\u00f6<\/a><\/p>\n<p><a href=\"https:\/\/www.vasttrafik.se\/en\/travel-planning\/Timetables\/line\/9011014638100000\/\" target=\"_blank\" rel=\"noopener\">Timetable line 381 | V\u00e4sttrafik<\/a>[\/vc_column_text][\/vc_column][vc_column width=&#8221;1\/4&#8243;][vc_raw_html]JTNDaSUyMGNsYXNzJTNEJTIyZmEtc29saWQlMjBmYS1sb2NhdGlvbi1kb3QlMjIlM0UlM0MlMkZpJTNF[\/vc_raw_html][vc_column_text css=&#8221;&#8221;]<strong>Why not take an islandtrip<\/strong> over to Evert Taube\u2019s Mal\u00f6, Handelsmans Flink on Flat\u00f6n and \u00c4ng\u00f6n? (Evert Taube was and still is, a most respected swedish composer\/troubadour). Driving up the Bohus coast along these charming island summerroads, only to be interrupted by smaller car ferries, is \u00a0definitely to be preferred than hurrying along the main roads.<\/p>\n<p><a href=\"https:\/\/www.vastsverige.com\/en\/lysekil\/produkter\/lysekil\/?site=5\" target=\"_blank\" rel=\"noopener\">Lysekil<\/a><\/p>\n<p><a href=\"https:\/\/www.vastsverige.com\/orust\/produkter\/handelsman-flink\/\" target=\"_blank\" rel=\"noopener\">Handelsman Flink, Flat\u00f6n<\/a>[\/vc_column_text][\/vc_column][vc_column width=&#8221;1\/4&#8243;][vc_raw_html]JTNDaSUyMGNsYXNzJTNEJTIyZmEtc29saWQlMjBmYS1sb2NhdGlvbi1kb3QlMjIlM0UlM0MlMkZpJTNF[\/vc_raw_html][vc_column_text css=&#8221;&#8221;]<strong>Golfplayers<\/strong> may want to visit Orust Golf Club, in Morlanda. It is a seaside course set in amazing surroundings with a tremendous seaview. After golf it is possible to enjoy a delicious lunch or coffee at their restaurant.<\/p>\n<p><a href=\"https:\/\/www.orustgk.se\/\" target=\"_blank\" rel=\"noopener\">Hem &#8211; Orust Golfklubb<\/a>[\/vc_column_text][\/vc_column][vc_column width=&#8221;1\/4&#8243;][vc_raw_html]JTNDaSUyMGNsYXNzJTNEJTIyZmEtc29saWQlMjBmYS1sb2NhdGlvbi1kb3QlMjIlM0UlM0MlMkZpJTNF[\/vc_raw_html][vc_column_text css=&#8221;&#8221;]<strong>A day trip to Gothenburg<\/strong> is a given for anyone who enjoys the westcoast citylife and its many features, combined perhaps with a visit to Liseberg, the amazing amusement park that has been around since 1923.<\/p>\n<p><a href=\"https:\/\/www.goteborg.com\/en\" target=\"_blank\" rel=\"noopener\">Gothenburg\u2019s Official Visitor\u2019s Guide \u2013 goteborg.com<\/a><\/p>\n<p><a href=\"https:\/\/www.liseberg.se\/en\/\" target=\"_blank\" rel=\"noopener\">Liseberg &#8211; the most beloved destination<\/a>[\/vc_column_text][\/vc_column][\/vc_row][vc_row][vc_column width=&#8221;1\/4&#8243;][vc_raw_html]JTNDaSUyMGNsYXNzJTNEJTIyZmEtc29saWQlMjBmYS1sb2NhdGlvbi1kb3QlMjIlM0UlM0MlMkZpJTNF[\/vc_raw_html][vc_column_text css=&#8221;&#8221;]<strong>Charming, old fishing villages<\/strong> up and down the westcoast are popular destinations! For example here on Orust: H\u00e4lleviksstrand with its beautiful red wooden church, or Moll\u00f6sund where you walk among old quaint houses on narrow streets and you buy fresh fish and seafood from the fishmongers in the small harbour.<\/p>\n<p>In Kl\u00e4desholmen, on Tj\u00f6rn, you can visit the Herring museum, and learn more about the history of herringfishing and the life of the fishermen and their families.<\/p>\n<p><a href=\"https:\/\/www.vastsverige.com\/orust\/produkter\/orust\/?site=5\" target=\"_blank\" rel=\"noopener\">Orust<\/a>\u00a0 \u00a0 <a href=\"https:\/\/www.vastsverige.com\/tjorn\/produkter\/tjorn\/?site=5\" target=\"_blank\" rel=\"noopener\">Tj\u00f6rn<\/a><\/p>\n<p><a href=\"https:\/\/www.vastsverige.com\/en\/orust\/products\/mollosund\/?site=5\" target=\"_blank\" rel=\"noopener\">Moll\u00f6sund<\/a> \u00a0\u00a0<a href=\"https:\/\/www.vastsverige.com\/en\/orust\/products\/halleviksstrand\/?site=5\" target=\"_blank\" rel=\"noopener\">H\u00e4lleviksstrand<\/a><\/p>\n<p><a href=\"https:\/\/www.vastsverige.com\/en\/tjorn\/products\/kladesholmens-museum-sillebua\/\" target=\"_blank\" rel=\"noopener\">Sillmuseet &#8211; Kl\u00e4desholmens Museum &#8211; Herring museum<\/a><\/p>\n<p>&nbsp;<\/p>\n<p>[\/vc_column_text][\/vc_column][vc_column width=&#8221;1\/4&#8243;][vc_raw_html]JTNDaSUyMGNsYXNzJTNEJTIyZmEtc29saWQlMjBmYS1sb2NhdGlvbi1kb3QlMjIlM0UlM0MlMkZpJTNF[\/vc_raw_html][vc_column_text css=&#8221;&#8221;]<strong>A day spent on Tj\u00f6rn,<\/strong> to for instance visit the outdoor Pilane Sculpture Park &#8211; don&#8217;t forget to bring your picnicbasket, and the Nordic Watercolour Museum in Sk\u00e4rholmen, is a day well spent.<\/p>\n<p><a href=\"https:\/\/pilane.org\/en\/index.php\" target=\"_blank\" rel=\"noopener\">Sculpture park exhibition at Pilane on Tj\u00f6rn island<\/a><\/p>\n<p><a href=\"https:\/\/www.akvarellmuseet.org\/en\" target=\"_blank\" rel=\"noopener\">Home &#8211; the Nordic Watercolour museum<\/a>[\/vc_column_text][\/vc_column][vc_column width=&#8221;1\/4&#8243;][vc_raw_html]JTNDaSUyMGNsYXNzJTNEJTIyZmEtc29saWQlMjBmYS1sb2NhdGlvbi1kb3QlMjIlM0UlM0MlMkZpJTNF[\/vc_raw_html][vc_column_text css=&#8221;&#8221;]<strong>At Havets Hus, the saltwater aquarium in Lysekil<\/strong>, you get to learn a lot about life and the environment in the western sea.<\/p>\n<p>Nordens Ark in Hunnebostrand is another popular attraction &#8211; a zoological garden focused on among other things conservation of endangered species.<\/p>\n<p><a href=\"https:\/\/www.havetshus.se\/en\/\" target=\"_blank\" rel=\"noopener\">Home &#8211; Havets Hus in Lysekil<\/a><\/p>\n<p><a href=\"https:\/\/en.nordensark.se\/?_gl=1*og8y08*_gcl_au*MTg1MDk3ODkxNi4xNzQxODU3OTIw*_ga*Mzk1MDg0NDQ4LjE3NDE4NTc5MjE.*_ga_N0NXFJ8N5W*MTc0MTg3OTY5OS4yLjAuMTc0MTg3OTY5OS42MC4wLjA.\" target=\"_blank\" rel=\"noopener\">Nordens Ark &#8211; we make a difference | Zoo | Wild life park<\/a>[\/vc_column_text][\/vc_column][vc_column width=&#8221;1\/4&#8243;][vc_raw_html]JTNDaSUyMGNsYXNzJTNEJTIyZmEtc29saWQlMjBmYS1sb2NhdGlvbi1kb3QlMjIlM0UlM0MlMkZpJTNF[\/vc_raw_html][vc_column_text css=&#8221;&#8221;]<strong>If you feel like testing your sea legs<\/strong>, you could book an archipelago- or fishing tour, or perhaps a seal safari!<\/p>\n<p>You could also rent a SUP, or a kayak for the day and leisurely explore the coves and islets, swim from the rocks, have a picnic and just enjoy summer by the sea at its best?<\/p>\n<p><a href=\"https:\/\/www.orustkajak.se\/eng\/\" target=\"_blank\" rel=\"noopener\">ENG | BOHUS KAYAK<\/a><\/p>\n<p><a href=\"https:\/\/www.vastsverige.com\/en\/lysekil\/produkter\/salta-guiden\/?site=5\" target=\"_blank\" rel=\"noopener\">The Salty Guide, Lysekil<\/a><\/p>\n<p><a href=\"https:\/\/www.vastsverige.com\/se-och-gora\/batupplevelser\/batturer-i-bohuslan\/?site=5\" target=\"_blank\" rel=\"noopener\">Res med oss ut i sk\u00e4rg\u00e5rden<\/a><\/p>\n<p><a href=\"https:\/\/www.mareblahavsguiderna.se\/sv\/hem\/\">Marebl\u00e5 &amp; Havsguiderna<\/a>[\/vc_column_text][\/vc_column][\/vc_row][vc_row][vc_column][vc_empty_space height=&#8221;10px&#8221;][\/vc_column][\/vc_row][vc_row][vc_column width=&#8221;1\/6&#8243;][vc_icon icon_fontawesome=&#8221;fa fa-solid fa-person-hiking&#8221; css=&#8221;&#8221;][vc_column_text css=&#8221;&#8221;][\/vc_column_text][\/vc_column][vc_column width=&#8221;1\/6&#8243;][vc_icon icon_fontawesome=&#8221;fa fa-solid fa-person-hiking&#8221; css=&#8221;&#8221;][vc_column_text css=&#8221;&#8221;][\/vc_column_text][\/vc_column][vc_column width=&#8221;1\/6&#8243;][vc_icon icon_fontawesome=&#8221;fa fa-solid fa-person-hiking&#8221; css=&#8221;&#8221;][vc_column_text css=&#8221;&#8221;][\/vc_column_text][\/vc_column][vc_column width=&#8221;1\/6&#8243;][vc_icon icon_fontawesome=&#8221;fa fa-solid fa-person-hiking&#8221; css=&#8221;&#8221;][vc_column_text css=&#8221;&#8221;][\/vc_column_text][\/vc_column][vc_column width=&#8221;1\/6&#8243;][vc_icon icon_fontawesome=&#8221;fa fa-solid fa-person-hiking&#8221; css=&#8221;&#8221;][vc_column_text css=&#8221;&#8221;][\/vc_column_text][\/vc_column][vc_column width=&#8221;1\/6&#8243;][vc_icon icon_fontawesome=&#8221;fa fa-solid fa-person-hiking&#8221; css=&#8221;&#8221;][vc_column_text css=&#8221;&#8221;][\/vc_column_text][\/vc_column][\/vc_row][vc_row][vc_column][vc_empty_space][vc_column_text css=&#8221;&#8221;]<\/p>\n<h2 id=\"tw-target-text\" class=\"tw-data-text tw-text-large tw-ta\" dir=\"ltr\" style=\"text-align: center\" data-placeholder=\"\u00d6vers\u00e4ttning\" data-ved=\"2ahUKEwiTwOKFmOSMAxXAGRAIHdz5FKMQ3ewLegQICBAV\" aria-label=\"\u00d6versatt text: Hiking on Orust With everything from easy walking trails near the campsite to more demanding trails, Orust offers hiking for everyone.\"><span class=\"Y2IQFc\" lang=\"en\">Hiking on Orust <\/span><\/h2>\n<p class=\"tw-data-text tw-text-large tw-ta\" dir=\"ltr\" style=\"text-align: center\" data-placeholder=\"\u00d6vers\u00e4ttning\" data-ved=\"2ahUKEwiTwOKFmOSMAxXAGRAIHdz5FKMQ3ewLegQICBAV\" aria-label=\"\u00d6versatt text: Hiking on Orust With everything from easy walking trails near the campsite to more demanding trails, Orust offers hiking for everyone.\"><span class=\"Y2IQFc\" lang=\"en\">From easy walking trails near the campsite to more demanding trails, <\/span><\/p>\n<p class=\"tw-data-text tw-text-large tw-ta\" dir=\"ltr\" style=\"text-align: center\" data-placeholder=\"\u00d6vers\u00e4ttning\" data-ved=\"2ahUKEwiTwOKFmOSMAxXAGRAIHdz5FKMQ3ewLegQICBAV\" aria-label=\"\u00d6versatt text: Hiking on Orust With everything from easy walking trails near the campsite to more demanding trails, Orust offers hiking for everyone.\"><span class=\"Y2IQFc\" lang=\"en\">Orust offers hiking for everyone.<\/span><\/p>\n<p>[\/vc_column_text][vc_separator color=&#8221;violet&#8221; style=&#8221;shadow&#8221; border_width=&#8221;3&#8243; el_width=&#8221;40&#8243; css=&#8221;&#8221;][vc_empty_space][vc_row_inner][vc_column_inner width=&#8221;1\/4&#8243;][vc_single_image image=&#8221;3395&#8243; img_size=&#8221;full&#8221; css=&#8221;&#8221;][vc_column_text css=&#8221;&#8221;]<\/p>\n<p id=\"tw-target-text\" class=\"tw-data-text tw-text-large tw-ta\" dir=\"ltr\" data-placeholder=\"\u00d6vers\u00e4ttning\" data-ved=\"2ahUKEwiTwOKFmOSMAxXAGRAIHdz5FKMQ3ewLegQICBAV\" aria-label=\"\u00d6versatt text: If you want to stretch your legs around the campsite, you can choose between the Blue Trail (4 km forest path\/gravel road), the Orange Trail (8 km slightly more mixed terrain with both meadow, forest and coastal nature) or the White Trail (approx. 2 km), which goes via Hundbadet to Klippstranden. Maps of the walks are available in the Tourist Information hut, or you can borrow them from reception.\"><span class=\"Y2IQFc\" lang=\"en\">When you want to stretch your legs around the campsite, there is a choice between the <strong>Blue Trail<\/strong> (4 km forest path\/gravel road), the <strong>Orange Trail<\/strong> (8 km slightly more mixed terrain with both meadow, forest and coastal nature) or the <strong>White Trail<\/strong> (approx. 2 km), which goes via the Dogbeach to the rocky beach. Maps of the walks are available in the Tourist Information hut, or you can borrow them from reception.<\/span><\/p>\n<p>[\/vc_column_text][vc_empty_space][vc_column_text css=&#8221;&#8221;]<\/p>\n<h3 style=\"text-align: center\"><a href=\"https:\/\/www.vastsverige.com\/en\/orust\/things-to-do\/hiking\/\" target=\"_blank\" rel=\"noopener\">For more hiking tips on Orust, click here.<\/a><\/h3>\n<p>[\/vc_column_text][vc_empty_space height=&#8221;50px&#8221;][\/vc_column_inner][vc_column_inner width=&#8221;1\/4&#8243;][vc_single_image image=&#8221;3380&#8243; img_size=&#8221;full&#8221; css=&#8221;&#8221;][vc_column_text css=&#8221;&#8221;]<\/p>\n<p class=\"tw-data-text tw-text-large tw-ta\" dir=\"ltr\" data-placeholder=\"\u00d6vers\u00e4ttning\" data-ved=\"2ahUKEwiTwOKFmOSMAxXAGRAIHdz5FKMQ3ewLegQICBAV\" aria-label=\"\u00d6versatt text: Huseby hiking trail \u2013 about 10 km from Stocken campsite. The trail is 3.5 km long and runs along steep forest paths in parts, but also offers fantastic views of the Bohusl\u00e4n archipelago from the top of Huseby fornborg. Old farmsteads appear along the way and not least Orust\u2019s \u2013 and perhaps Bohusl\u00e4n\u2019s \u2013 largest beech forest by an ancient seashell ravine. For a map and how to get there: Huseby hiking trail, Storehamn | Orust municipality\"><span class=\"Y2IQFc\" lang=\"en\"><strong>Huseby hiking trail<\/strong> \u2013 about 10 km from Stocken campsite. The trail is 3.5 km long and runs along steep forest paths in parts, but also offers amazing views of the Bohusl\u00e4n archipelago from the top of Huseby\u00a0<\/span><span class=\"Y2IQFc\" lang=\"en\">ancient hillfort<\/span><span class=\"Y2IQFc\" lang=\"en\">. Ruins of stone of old farmsteads appear along the way and not least Orust\u2019s \u2013 and perhaps Bohusl\u00e4n\u2019s \u2013 largest beech forest by an ancient seashell ravine. For a map of the trail and how to get there: <a href=\"https:\/\/www.vastsverige.com\/en\/orust\/trails\/husebyleden-hiking-trail\/?site=330969\" target=\"_blank\" rel=\"noopener\">Husebyleden Hiking trail on Orust<\/a><\/span><\/p>\n<p>[\/vc_column_text][vc_column_text css=&#8221;&#8221;][\/vc_column_text][\/vc_column_inner][vc_column_inner width=&#8221;1\/4&#8243;][vc_single_image css=&#8221;&#8221;][vc_column_text css=&#8221;&#8221;][\/vc_column_text][vc_column_text css=&#8221;&#8221;]Another favorite is the nature and culture trail <strong>Svens Altare (Sven\u2019s altar), <\/strong>which with its lookout tower rises 106 meters above sea level and provides an incomparable view in all directions! Whether you choose to just go up to the tower and then down again, or continue along the trail&#8217;s 6 km stretch and read about the 1800s living conditions for the people who inhabited the area at the time, it is an excursion to remember: <a href=\"https:\/\/www.vastsverige.com\/en\/orust\/trails\/svens-altare-hiking\/?site=330969\" target=\"_blank\" rel=\"noopener\">Hike to Sven&#8217;s Altare, Orust<\/a>[\/vc_column_text][\/vc_column_inner][vc_column_inner width=&#8221;1\/4&#8243;][vc_single_image image=&#8221;3385&#8243; img_size=&#8221;medium&#8221; css=&#8221;&#8221;][vc_column_text css=&#8221;&#8221;][\/vc_column_text][vc_column_text css=&#8221;&#8221;]<strong>&#8220;Orust across&#8221; \u2013 Part of the Bohusl\u00e4n Coastal Trail<\/strong><\/p>\n<p>The trail&#8217;s 44 km runs across the island of Orust, from coast to coast between Svanesund and \u00c4ng\u00f6n, passing a number of natural and cultural monuments along the way. Whether you want to tackle the entire trail or parts of it, there is a map and more to read about the different stages here: <a href=\"https:\/\/www.vastsverige.com\/en\/orust\/trails\/orust-tvars-coastal-trail\/\" target=\"_blank\" rel=\"noopener\">Coastal trail, Orust, Orust Across<\/a>[\/vc_column_text][\/vc_column_inner][\/vc_row_inner][\/vc_column][\/vc_row][\/vc_section]<\/p>\n<\/div>","protected":false},"excerpt":{"rendered":"<p>[vc_section full_width=&#8221;stretch_row&#8221; css=&#8221;.vc_custom_1647528559556{background-color: #f9f6f0 !important;background-position: center !important;background-repeat: no-repeat !important;background-size: cover !important;}&#8221;][vc_row][vc_column][vc_empty_space height=&#8221;100px&#8221;][vc_column_text css=&#8221;&#8221;] Attractions, hiking &amp; more! [\/vc_column_text][\/vc_column][\/vc_row][\/vc_section][vc_section el_id=&#8221;utflykter&#8221;][vc_row][vc_column width=&#8221;1\/2&#8243;][vc_empty_space height=&#8221;50px&#8221;][\/vc_column][vc_column width=&#8221;1\/2&#8243;][\/vc_column][\/vc_row][vc_row][vc_column width=&#8221;1\/2&#8243;][vc_empty_space height=&#8221;50px&#8221;][vc_column_text css=&#8221;&#8221;] If you feel like experiencing something more, on top of\u00a0 what Stocken Camping can offer, we are a good starting point for various excursions. For more tips and information, ask [&hellip;]<\/p>\n","protected":false},"author":2,"featured_media":0,"parent":741,"menu_order":0,"comment_status":"closed","ping_status":"closed","template":"","meta":{"footnotes":""},"class_list":["post-1810","page","type-page","status-publish","hentry"],"_links":{"self":[{"href":"https:\/\/www.stockencamping.se\/en\/wp-json\/wp\/v2\/pages\/1810","targetHints":{"allow":["GET"]}}],"collection":[{"href":"https:\/\/www.stockencamping.se\/en\/wp-json\/wp\/v2\/pages"}],"about":[{"href":"https:\/\/www.stockencamping.se\/en\/wp-json\/wp\/v2\/types\/page"}],"author":[{"embeddable":true,"href":"https:\/\/www.stockencamping.se\/en\/wp-json\/wp\/v2\/users\/2"}],"replies":[{"embeddable":true,"href":"https:\/\/www.stockencamping.se\/en\/wp-json\/wp\/v2\/comments?post=1810"}],"version-history":[{"count":15,"href":"https:\/\/www.stockencamping.se\/en\/wp-json\/wp\/v2\/pages\/1810\/revisions"}],"predecessor-version":[{"id":3703,"href":"https:\/\/www.stockencamping.se\/en\/wp-json\/wp\/v2\/pages\/1810\/revisions\/3703"}],"up":[{"embeddable":true,"href":"https:\/\/www.stockencamping.se\/en\/wp-json\/wp\/v2\/pages\/741"}],"wp:attachment":[{"href":"https:\/\/www.stockencamping.se\/en\/wp-json\/wp\/v2\/media?parent=1810"}],"curies":[{"name":"wp","href":"https:\/\/api.w.org\/{rel}","templated":true}]}}